{"id":1672,"date":"2024-04-18T02:03:59","date_gmt":"2024-04-18T02:03:59","guid":{"rendered":"https:\/\/sakilak.com\/?page_id=1672"},"modified":"2024-05-09T12:56:35","modified_gmt":"2024-05-09T12:56:35","slug":"faq","status":"publish","type":"page","link":"https:\/\/sakilak.com\/fr\/faq\/","title":{"rendered":"FAQ"},"content":{"rendered":"<div data-elementor-type=\"wp-page\" data-elementor-id=\"1672\" class=\"elementor elementor-1672\" data-elementor-post-type=\"page\">\n\t\t\t\t<div class=\"elementor-element elementor-element-5b942b25 e-flex e-con-boxed e-con e-parent\" data-id=\"5b942b25\" data-element_type=\"container\" data-settings=\"{&quot;background_background&quot;:&quot;gradient&quot;,&quot;content_width&quot;:&quot;boxed&quot;}\" data-core-v316-plus=\"true\">\n\t\t\t\t\t<div class=\"e-con-inner\">\n\t\t\t\t<div class=\"elementor-element elementor-element-4a262fe elementor-widget elementor-widget-heading\" data-id=\"4a262fe\" data-element_type=\"widget\" data-widget_type=\"heading.default\">\n\t\t\t\t<div class=\"elementor-widget-container\">\n\t\t\t<style>\/*! elementor - v3.19.0 - 07-02-2024 *\/\n.elementor-heading-title{padding:0;margin:0;line-height:1}.elementor-widget-heading .elementor-heading-title[class*=elementor-size-]>a{color:inherit;font-size:inherit;line-height:inherit}.elementor-widget-heading .elementor-heading-title.elementor-size-small{font-size:15px}.elementor-widget-heading .elementor-heading-title.elementor-size-medium{font-size:19px}.elementor-widget-heading .elementor-heading-title.elementor-size-large{font-size:29px}.elementor-widget-heading .elementor-heading-title.elementor-size-xl{font-size:39px}.elementor-widget-heading .elementor-heading-title.elementor-size-xxl{font-size:59px}<\/style><h1 class=\"elementor-heading-title elementor-size-default\">Questions fr\u00e9quemment pos\u00e9es<\/h1>\t\t<\/div>\n\t\t\t\t<\/div>\n\t\t\t\t<div class=\"elementor-element elementor-element-26ac147b elementor-widget elementor-widget-text-editor\" data-id=\"26ac147b\" data-element_type=\"widget\" data-widget_type=\"text-editor.default\">\n\t\t\t\t<div class=\"elementor-widget-container\">\n\t\t\t<style>\/*! elementor - v3.19.0 - 07-02-2024 *\/\n.elementor-widget-text-editor.elementor-drop-cap-view-stacked .elementor-drop-cap{background-color:#69727d;color:#fff}.elementor-widget-text-editor.elementor-drop-cap-view-framed .elementor-drop-cap{color:#69727d;border:3px solid;background-color:transparent}.elementor-widget-text-editor:not(.elementor-drop-cap-view-default) .elementor-drop-cap{margin-top:8px}.elementor-widget-text-editor:not(.elementor-drop-cap-view-default) .elementor-drop-cap-letter{width:1em;height:1em}.elementor-widget-text-editor .elementor-drop-cap{float:left;text-align:center;line-height:1;font-size:50px}.elementor-widget-text-editor .elementor-drop-cap-letter{display:inline-block}<\/style>\t\t\t\t<p><a href=\"#\">Accueil<\/a> &gt; FAQs<\/p>\t\t\t\t\t\t<\/div>\n\t\t\t\t<\/div>\n\t\t\t\t\t<\/div>\n\t\t\t\t<\/div>\n\t\t<div class=\"elementor-element elementor-element-5c5e6d05 e-flex e-con-boxed e-con e-parent\" data-id=\"5c5e6d05\" data-element_type=\"container\" data-settings=\"{&quot;content_width&quot;:&quot;boxed&quot;}\" data-core-v316-plus=\"true\">\n\t\t\t\t\t<div class=\"e-con-inner\">\n\t\t<div class=\"elementor-element elementor-element-51d7bbef e-flex e-con-boxed e-con e-child\" data-id=\"51d7bbef\" data-element_type=\"container\" data-settings=\"{&quot;content_width&quot;:&quot;boxed&quot;}\">\n\t\t\t\t\t<div class=\"e-con-inner\">\n\t\t\t\t<div class=\"elementor-element elementor-element-4d6f2e02 elementor-widget elementor-widget-heading\" data-id=\"4d6f2e02\" data-element_type=\"widget\" data-widget_type=\"heading.default\">\n\t\t\t\t<div class=\"elementor-widget-container\">\n\t\t\t<h6 class=\"elementor-heading-title elementor-size-default\">Questions fr\u00e9quemment pos\u00e9es<\/h6>\t\t<\/div>\n\t\t\t\t<\/div>\n\t\t\t\t<div class=\"elementor-element elementor-element-113f7d7e elementor-widget elementor-widget-heading\" data-id=\"113f7d7e\" data-element_type=\"widget\" data-widget_type=\"heading.default\">\n\t\t\t\t<div class=\"elementor-widget-container\">\n\t\t\t<h2 class=\"elementor-heading-title elementor-size-default\">Nous levons vos doutes<\/h2>\t\t<\/div>\n\t\t\t\t<\/div>\n\t\t\t\t\t<\/div>\n\t\t\t\t<\/div>\n\t\t<div class=\"elementor-element elementor-element-5da02282 e-con-full e-flex e-con e-child\" data-id=\"5da02282\" data-element_type=\"container\" data-settings=\"{&quot;content_width&quot;:&quot;full&quot;}\">\n\t\t<div class=\"elementor-element elementor-element-544f969b e-flex e-con-boxed e-con e-child\" data-id=\"544f969b\" data-element_type=\"container\" data-settings=\"{&quot;content_width&quot;:&quot;boxed&quot;}\">\n\t\t\t\t\t<div class=\"e-con-inner\">\n\t\t\t\t<div class=\"elementor-element elementor-element-523977aa elementor-widget elementor-widget-elementskit-accordion\" data-id=\"523977aa\" data-element_type=\"widget\" data-widget_type=\"elementskit-accordion.default\">\n\t\t\t\t<div class=\"elementor-widget-container\">\n\t\t\t<div class=\"ekit-wid-con\" >\n        <div class=\"elementskit-accordion accoedion-primary\" id=\"accordion-6a047610618e6\">\n\n            \n                <div class=\"elementskit-card active\">\n                    <div class=\"elementskit-card-header\" id=\"primaryHeading-0-523977aa\">\n                        <a href=\"#collapse-f947ece6a047610618e6\" class=\"ekit-accordion--toggler elementskit-btn-link collapsed\" data-ekit-toggle=\"collapse\" data-target=\"#Collapse-f947ece6a047610618e6\" aria-expanded=\"true\" aria-controls=\"Collapse-f947ece6a047610618e6\">\n                            \n                            <span class=\"ekit-accordion-title\">Comment puis-je m'inscrire pour proposer mes services ?<\/span>\n\n                            \n                                <div class=\"ekit_accordion_icon_group\">\n                                    <div class=\"ekit_accordion_normal_icon\">\n                                        <!-- Normal Icon -->\n                                        <i aria-hidden=\"true\" class=\"icon-open icon-right icon icon-down-arrow1\"><\/i>                                    <\/div>\n\n                                    <div class=\"ekit_accordion_active_icon\">\n                                        <!-- Active Icon -->\n                                        <i aria-hidden=\"true\" class=\"icon-closed icon-right icon icon-up-arrow\"><\/i>                                    <\/div>\n\n                                <\/div>\n\n                            \n                                                    <\/a>\n                    <\/div>\n\n                    <div id=\"Collapse-f947ece6a047610618e6\" class=\"show collapse\" aria-labelledby=\"primaryHeading-0-523977aa\" data-parent=\"#accordion-6a047610618e6\">\n\n                        <div class=\"elementskit-card-body ekit-accordion--content\">\n                            <p>Pour postuler, il suffit de se rendre dans le service qui correspond \u00e0 votre profil et d'envoyer un formulaire avec votre CV en pi\u00e8ce jointe.<\/p>                        <\/div>\n\n                    <\/div>\n\n                <\/div><!-- .elementskit-card END -->\n\n                \n                <div class=\"elementskit-card\">\n                    <div class=\"elementskit-card-header\" id=\"primaryHeading-1-523977aa\">\n                        <a href=\"#collapse-1b6af516a047610618e6\" class=\"ekit-accordion--toggler elementskit-btn-link collapsed\" data-ekit-toggle=\"collapse\" data-target=\"#Collapse-1b6af516a047610618e6\" aria-expanded=\"false\" aria-controls=\"Collapse-1b6af516a047610618e6\">\n                            \n                            <span class=\"ekit-accordion-title\">Comment trouver le professionnel qui correspond \u00e0 mes besoins ?<\/span>\n\n                            \n                                <div class=\"ekit_accordion_icon_group\">\n                                    <div class=\"ekit_accordion_normal_icon\">\n                                        <!-- Normal Icon -->\n                                        <i aria-hidden=\"true\" class=\"icon-open icon-right icon icon-down-arrow1\"><\/i>                                    <\/div>\n\n                                    <div class=\"ekit_accordion_active_icon\">\n                                        <!-- Active Icon -->\n                                        <i aria-hidden=\"true\" class=\"icon-closed icon-right icon icon-up-arrow\"><\/i>                                    <\/div>\n\n                                <\/div>\n\n                            \n                                                    <\/a>\n                    <\/div>\n\n                    <div id=\"Collapse-1b6af516a047610618e6\" class=\"collapse\" aria-labelledby=\"primaryHeading-1-523977aa\" data-parent=\"#accordion-6a047610618e6\">\n\n                        <div class=\"elementskit-card-body ekit-accordion--content\">\n                            <p>Vous pouvez rechercher des professionnels en consultant le menu des services. Filtrez par sp\u00e9cialit\u00e9 pour trouver celui qui correspond \u00e0 vos besoins.\u00a0<\/p>                        <\/div>\n\n                    <\/div>\n\n                <\/div><!-- .elementskit-card END -->\n\n                        <\/div>\n    <\/div>\t\t<\/div>\n\t\t\t\t<\/div>\n\t\t\t\t\t<\/div>\n\t\t\t\t<\/div>\n\t\t<div class=\"elementor-element elementor-element-34090aaf e-flex e-con-boxed e-con e-child\" data-id=\"34090aaf\" data-element_type=\"container\" data-settings=\"{&quot;content_width&quot;:&quot;boxed&quot;}\">\n\t\t\t\t\t<div class=\"e-con-inner\">\n\t\t\t\t<div class=\"elementor-element elementor-element-33ecaf6b elementor-widget elementor-widget-elementskit-accordion\" data-id=\"33ecaf6b\" data-element_type=\"widget\" data-widget_type=\"elementskit-accordion.default\">\n\t\t\t\t<div class=\"elementor-widget-container\">\n\t\t\t<div class=\"ekit-wid-con\" >\n        <div class=\"elementskit-accordion accoedion-primary\" id=\"accordion-6a04761062bfe\">\n\n            \n                <div class=\"elementskit-card active\">\n                    <div class=\"elementskit-card-header\" id=\"primaryHeading-0-33ecaf6b\">\n                        <a href=\"#collapse-f947ece6a04761062bfe\" class=\"ekit-accordion--toggler elementskit-btn-link collapsed\" data-ekit-toggle=\"collapse\" data-target=\"#Collapse-f947ece6a04761062bfe\" aria-expanded=\"true\" aria-controls=\"Collapse-f947ece6a04761062bfe\">\n                            \n                            <span class=\"ekit-accordion-title\">Dois-je avoir une certification pour postuler ?<\/span>\n\n                            \n                                <div class=\"ekit_accordion_icon_group\">\n                                    <div class=\"ekit_accordion_normal_icon\">\n                                        <!-- Normal Icon -->\n                                        <i aria-hidden=\"true\" class=\"icon-open icon-right icon icon-down-arrow1\"><\/i>                                    <\/div>\n\n                                    <div class=\"ekit_accordion_active_icon\">\n                                        <!-- Active Icon -->\n                                        <i aria-hidden=\"true\" class=\"icon-closed icon-right icon icon-up-arrow\"><\/i>                                    <\/div>\n\n                                <\/div>\n\n                            \n                                                    <\/a>\n                    <\/div>\n\n                    <div id=\"Collapse-f947ece6a04761062bfe\" class=\"show collapse\" aria-labelledby=\"primaryHeading-0-33ecaf6b\" data-parent=\"#accordion-6a04761062bfe\">\n\n                        <div class=\"elementskit-card-body ekit-accordion--content\">\n                            <p>Non, il vous suffit de remplir les champs demand\u00e9s et de nous envoyer votre CV. Nous vous contacterons dans les plus brefs d\u00e9lais.<\/p>                        <\/div>\n\n                    <\/div>\n\n                <\/div><!-- .elementskit-card END -->\n\n                \n                <div class=\"elementskit-card\">\n                    <div class=\"elementskit-card-header\" id=\"primaryHeading-1-33ecaf6b\">\n                        <a href=\"#collapse-1b6af516a04761062bfe\" class=\"ekit-accordion--toggler elementskit-btn-link collapsed\" data-ekit-toggle=\"collapse\" data-target=\"#Collapse-1b6af516a04761062bfe\" aria-expanded=\"false\" aria-controls=\"Collapse-1b6af516a04761062bfe\">\n                            \n                            <span class=\"ekit-accordion-title\">Quelles garanties la plateforme offre-t-elle en cas de service insatisfaisant ?<\/span>\n\n                            \n                                <div class=\"ekit_accordion_icon_group\">\n                                    <div class=\"ekit_accordion_normal_icon\">\n                                        <!-- Normal Icon -->\n                                        <i aria-hidden=\"true\" class=\"icon-open icon-right icon icon-down-arrow1\"><\/i>                                    <\/div>\n\n                                    <div class=\"ekit_accordion_active_icon\">\n                                        <!-- Active Icon -->\n                                        <i aria-hidden=\"true\" class=\"icon-closed icon-right icon icon-up-arrow\"><\/i>                                    <\/div>\n\n                                <\/div>\n\n                            \n                                                    <\/a>\n                    <\/div>\n\n                    <div id=\"Collapse-1b6af516a04761062bfe\" class=\"collapse\" aria-labelledby=\"primaryHeading-1-33ecaf6b\" data-parent=\"#accordion-6a04761062bfe\">\n\n                        <div class=\"elementskit-card-body ekit-accordion--content\">\n                            <p>Nous nous engageons sur la qualit\u00e9 des services propos\u00e9s sur notre plateforme. Si le service ne r\u00e9pond pas \u00e0 vos attentes, nous offrons une garantie de satisfaction qui peut inclure une garantie de remboursement ou la r\u00e9affectation d'un autre professionnel sans frais suppl\u00e9mentaires. Nous vous recommandons de lire notre politique de garantie dans la section Aide pour plus de d\u00e9tails.<\/p>                        <\/div>\n\n                    <\/div>\n\n                <\/div><!-- .elementskit-card END -->\n\n                        <\/div>\n    <\/div>\t\t<\/div>\n\t\t\t\t<\/div>\n\t\t\t\t\t<\/div>\n\t\t\t\t<\/div>\n\t\t\t\t<\/div>\n\t\t\t\t\t<\/div>\n\t\t\t\t<\/div>\n\t\t\t\t<\/div>","protected":false},"excerpt":{"rendered":"<p>Preguntas Frecuentes Home &gt; FAQs Preguntas m\u00e1s Frecuentes Resolvemos tus dudas \u00bfC\u00f3mo puedo registrarme para ofrecer mis servicios? Para postularte solo tienes que ir al servicio que se adec\u00fae a tu perfil y enviar un formulario con tu CV adjunto. \u00bfC\u00f3mo puedo encontrar el profesional adecuado para mi necesidad? Puedes buscar profesionales navegando por el [&hellip;]<\/p>","protected":false},"author":1,"featured_media":0,"parent":0,"menu_order":0,"comment_status":"closed","ping_status":"closed","template":"elementor_header_footer","meta":{"_joinchat":[],"footnotes":""},"yoast_head":"<!-- This site is optimized with the Yoast SEO plugin v22.6 - https:\/\/yoast.com\/wordpress\/plugins\/seo\/ -->\n<title>Preguntas Frecuentes - Sakilak<\/title>\n<meta name=\"description\" content=\"\u00bfDudas acerca de nuestros servicios? Resolveremos tus dudas en nuestro apartado de preguntas frecuentes\" \/>\n<meta name=\"robots\" content=\"index, follow, max-snippet:-1, max-image-preview:large, max-video-preview:-1\" \/>\n<link rel=\"canonical\" href=\"https:\/\/sakilak.com\/fr\/faq\/\" \/>\n<meta property=\"og:locale\" content=\"fr_FR\" \/>\n<meta property=\"og:type\" content=\"article\" \/>\n<meta property=\"og:title\" content=\"Preguntas Frecuentes - Sakilak\" \/>\n<meta property=\"og:description\" content=\"\u00bfDudas acerca de nuestros servicios? Resolveremos tus dudas en nuestro apartado de preguntas frecuentes\" \/>\n<meta property=\"og:url\" content=\"https:\/\/sakilak.com\/fr\/faq\/\" \/>\n<meta property=\"og:site_name\" content=\"sakilak\" \/>\n<meta property=\"article:modified_time\" content=\"2024-05-09T12:56:35+00:00\" \/>\n<meta name=\"twitter:card\" content=\"summary_large_image\" \/>\n<meta name=\"twitter:label1\" content=\"Dur\u00e9e de lecture estim\u00e9e\" \/>\n\t<meta name=\"twitter:data1\" content=\"1 minute\" \/>\n<script type=\"application\/ld+json\" class=\"yoast-schema-graph\">{\"@context\":\"https:\/\/schema.org\",\"@graph\":[{\"@type\":\"WebPage\",\"@id\":\"https:\/\/sakilak.com\/faq\/\",\"url\":\"https:\/\/sakilak.com\/faq\/\",\"name\":\"Preguntas Frecuentes - Sakilak\",\"isPartOf\":{\"@id\":\"https:\/\/sakilak.com\/fr\/#website\"},\"datePublished\":\"2024-04-18T02:03:59+00:00\",\"dateModified\":\"2024-05-09T12:56:35+00:00\",\"description\":\"\u00bfDudas acerca de nuestros servicios? Resolveremos tus dudas en nuestro apartado de preguntas frecuentes\",\"breadcrumb\":{\"@id\":\"https:\/\/sakilak.com\/faq\/#breadcrumb\"},\"inLanguage\":\"fr-FR\",\"potentialAction\":[{\"@type\":\"ReadAction\",\"target\":[\"https:\/\/sakilak.com\/faq\/\"]}]},{\"@type\":\"BreadcrumbList\",\"@id\":\"https:\/\/sakilak.com\/faq\/#breadcrumb\",\"itemListElement\":[{\"@type\":\"ListItem\",\"position\":1,\"name\":\"Portada\",\"item\":\"https:\/\/sakilak.com\/\"},{\"@type\":\"ListItem\",\"position\":2,\"name\":\"FAQ\"}]},{\"@type\":\"WebSite\",\"@id\":\"https:\/\/sakilak.com\/fr\/#website\",\"url\":\"https:\/\/sakilak.com\/fr\/\",\"name\":\"sakilak\",\"description\":\"\",\"publisher\":{\"@id\":\"https:\/\/sakilak.com\/fr\/#organization\"},\"potentialAction\":[{\"@type\":\"SearchAction\",\"target\":{\"@type\":\"EntryPoint\",\"urlTemplate\":\"https:\/\/sakilak.com\/fr\/?s={search_term_string}\"},\"query-input\":\"required name=search_term_string\"}],\"inLanguage\":\"fr-FR\"},{\"@type\":\"Organization\",\"@id\":\"https:\/\/sakilak.com\/fr\/#organization\",\"name\":\"sakilak\",\"url\":\"https:\/\/sakilak.com\/fr\/\",\"logo\":{\"@type\":\"ImageObject\",\"inLanguage\":\"fr-FR\",\"@id\":\"https:\/\/sakilak.com\/fr\/#\/schema\/logo\/image\/\",\"url\":\"https:\/\/sakilak.com\/wp-content\/uploads\/2024\/03\/cropped-logo-sakillak.png\",\"contentUrl\":\"https:\/\/sakilak.com\/wp-content\/uploads\/2024\/03\/cropped-logo-sakillak.png\",\"width\":368,\"height\":151,\"caption\":\"sakilak\"},\"image\":{\"@id\":\"https:\/\/sakilak.com\/fr\/#\/schema\/logo\/image\/\"}}]}<\/script>\n<!-- \/ Yoast SEO plugin. -->","yoast_head_json":{"title":"Preguntas Frecuentes - Sakilak","description":"\u00bfDudas acerca de nuestros servicios? Resolveremos tus dudas en nuestro apartado de preguntas frecuentes","robots":{"index":"index","follow":"follow","max-snippet":"max-snippet:-1","max-image-preview":"max-image-preview:large","max-video-preview":"max-video-preview:-1"},"canonical":"https:\/\/sakilak.com\/fr\/faq\/","og_locale":"fr_FR","og_type":"article","og_title":"Preguntas Frecuentes - Sakilak","og_description":"\u00bfDudas acerca de nuestros servicios? Resolveremos tus dudas en nuestro apartado de preguntas frecuentes","og_url":"https:\/\/sakilak.com\/fr\/faq\/","og_site_name":"sakilak","article_modified_time":"2024-05-09T12:56:35+00:00","twitter_card":"summary_large_image","twitter_misc":{"Dur\u00e9e de lecture estim\u00e9e":"1 minute"},"schema":{"@context":"https:\/\/schema.org","@graph":[{"@type":"WebPage","@id":"https:\/\/sakilak.com\/faq\/","url":"https:\/\/sakilak.com\/faq\/","name":"Preguntas Frecuentes - Sakilak","isPartOf":{"@id":"https:\/\/sakilak.com\/fr\/#website"},"datePublished":"2024-04-18T02:03:59+00:00","dateModified":"2024-05-09T12:56:35+00:00","description":"\u00bfDudas acerca de nuestros servicios? Resolveremos tus dudas en nuestro apartado de preguntas frecuentes","breadcrumb":{"@id":"https:\/\/sakilak.com\/faq\/#breadcrumb"},"inLanguage":"fr-FR","potentialAction":[{"@type":"ReadAction","target":["https:\/\/sakilak.com\/faq\/"]}]},{"@type":"BreadcrumbList","@id":"https:\/\/sakilak.com\/faq\/#breadcrumb","itemListElement":[{"@type":"ListItem","position":1,"name":"Portada","item":"https:\/\/sakilak.com\/"},{"@type":"ListItem","position":2,"name":"FAQ"}]},{"@type":"WebSite","@id":"https:\/\/sakilak.com\/fr\/#website","url":"https:\/\/sakilak.com\/fr\/","name":"sakilak","description":"","publisher":{"@id":"https:\/\/sakilak.com\/fr\/#organization"},"potentialAction":[{"@type":"SearchAction","target":{"@type":"EntryPoint","urlTemplate":"https:\/\/sakilak.com\/fr\/?s={search_term_string}"},"query-input":"required name=search_term_string"}],"inLanguage":"fr-FR"},{"@type":"Organization","@id":"https:\/\/sakilak.com\/fr\/#organization","name":"sakilak","url":"https:\/\/sakilak.com\/fr\/","logo":{"@type":"ImageObject","inLanguage":"fr-FR","@id":"https:\/\/sakilak.com\/fr\/#\/schema\/logo\/image\/","url":"https:\/\/sakilak.com\/wp-content\/uploads\/2024\/03\/cropped-logo-sakillak.png","contentUrl":"https:\/\/sakilak.com\/wp-content\/uploads\/2024\/03\/cropped-logo-sakillak.png","width":368,"height":151,"caption":"sakilak"},"image":{"@id":"https:\/\/sakilak.com\/fr\/#\/schema\/logo\/image\/"}}]}},"_links":{"self":[{"href":"https:\/\/sakilak.com\/fr\/wp-json\/wp\/v2\/pages\/1672"}],"collection":[{"href":"https:\/\/sakilak.com\/fr\/wp-json\/wp\/v2\/pages"}],"about":[{"href":"https:\/\/sakilak.com\/fr\/wp-json\/wp\/v2\/types\/page"}],"author":[{"embeddable":true,"href":"https:\/\/sakilak.com\/fr\/wp-json\/wp\/v2\/users\/1"}],"replies":[{"embeddable":true,"href":"https:\/\/sakilak.com\/fr\/wp-json\/wp\/v2\/comments?post=1672"}],"version-history":[{"count":13,"href":"https:\/\/sakilak.com\/fr\/wp-json\/wp\/v2\/pages\/1672\/revisions"}],"predecessor-version":[{"id":1881,"href":"https:\/\/sakilak.com\/fr\/wp-json\/wp\/v2\/pages\/1672\/revisions\/1881"}],"wp:attachment":[{"href":"https:\/\/sakilak.com\/fr\/wp-json\/wp\/v2\/media?parent=1672"}],"curies":[{"name":"wp","href":"https:\/\/api.w.org\/{rel}","templated":true}]}}