{"id":1672,"date":"2024-04-18T02:03:59","date_gmt":"2024-04-18T02:03:59","guid":{"rendered":"https:\/\/sakilak.com\/?page_id=1672"},"modified":"2024-05-09T12:56:35","modified_gmt":"2024-05-09T12:56:35","slug":"faq","status":"publish","type":"page","link":"https:\/\/sakilak.com\/es\/faq\/","title":{"rendered":"FAQ"},"content":{"rendered":"\t\t<div data-elementor-type=\"wp-page\" data-elementor-id=\"1672\" class=\"elementor elementor-1672\" data-elementor-post-type=\"page\">\n\t\t\t\t<div class=\"elementor-element elementor-element-5b942b25 e-flex e-con-boxed e-con e-parent\" data-id=\"5b942b25\" data-element_type=\"container\" data-settings=\"{&quot;background_background&quot;:&quot;gradient&quot;,&quot;content_width&quot;:&quot;boxed&quot;}\" data-core-v316-plus=\"true\">\n\t\t\t\t\t<div class=\"e-con-inner\">\n\t\t\t\t<div class=\"elementor-element elementor-element-4a262fe elementor-widget elementor-widget-heading\" data-id=\"4a262fe\" data-element_type=\"widget\" data-widget_type=\"heading.default\">\n\t\t\t\t<div class=\"elementor-widget-container\">\n\t\t\t<style>\/*! elementor - v3.19.0 - 07-02-2024 *\/\n.elementor-heading-title{padding:0;margin:0;line-height:1}.elementor-widget-heading .elementor-heading-title[class*=elementor-size-]>a{color:inherit;font-size:inherit;line-height:inherit}.elementor-widget-heading .elementor-heading-title.elementor-size-small{font-size:15px}.elementor-widget-heading .elementor-heading-title.elementor-size-medium{font-size:19px}.elementor-widget-heading .elementor-heading-title.elementor-size-large{font-size:29px}.elementor-widget-heading .elementor-heading-title.elementor-size-xl{font-size:39px}.elementor-widget-heading .elementor-heading-title.elementor-size-xxl{font-size:59px}<\/style><h1 class=\"elementor-heading-title elementor-size-default\">Preguntas Frecuentes<\/h1>\t\t<\/div>\n\t\t\t\t<\/div>\n\t\t\t\t<div class=\"elementor-element elementor-element-26ac147b elementor-widget elementor-widget-text-editor\" data-id=\"26ac147b\" data-element_type=\"widget\" data-widget_type=\"text-editor.default\">\n\t\t\t\t<div class=\"elementor-widget-container\">\n\t\t\t<style>\/*! elementor - v3.19.0 - 07-02-2024 *\/\n.elementor-widget-text-editor.elementor-drop-cap-view-stacked .elementor-drop-cap{background-color:#69727d;color:#fff}.elementor-widget-text-editor.elementor-drop-cap-view-framed .elementor-drop-cap{color:#69727d;border:3px solid;background-color:transparent}.elementor-widget-text-editor:not(.elementor-drop-cap-view-default) .elementor-drop-cap{margin-top:8px}.elementor-widget-text-editor:not(.elementor-drop-cap-view-default) .elementor-drop-cap-letter{width:1em;height:1em}.elementor-widget-text-editor .elementor-drop-cap{float:left;text-align:center;line-height:1;font-size:50px}.elementor-widget-text-editor .elementor-drop-cap-letter{display:inline-block}<\/style>\t\t\t\t<p><a href=\"#\">Home<\/a> &gt; FAQs<\/p>\t\t\t\t\t\t<\/div>\n\t\t\t\t<\/div>\n\t\t\t\t\t<\/div>\n\t\t\t\t<\/div>\n\t\t<div class=\"elementor-element elementor-element-5c5e6d05 e-flex e-con-boxed e-con e-parent\" data-id=\"5c5e6d05\" data-element_type=\"container\" data-settings=\"{&quot;content_width&quot;:&quot;boxed&quot;}\" data-core-v316-plus=\"true\">\n\t\t\t\t\t<div class=\"e-con-inner\">\n\t\t<div class=\"elementor-element elementor-element-51d7bbef e-flex e-con-boxed e-con e-child\" data-id=\"51d7bbef\" data-element_type=\"container\" data-settings=\"{&quot;content_width&quot;:&quot;boxed&quot;}\">\n\t\t\t\t\t<div class=\"e-con-inner\">\n\t\t\t\t<div class=\"elementor-element elementor-element-4d6f2e02 elementor-widget elementor-widget-heading\" data-id=\"4d6f2e02\" data-element_type=\"widget\" data-widget_type=\"heading.default\">\n\t\t\t\t<div class=\"elementor-widget-container\">\n\t\t\t<h6 class=\"elementor-heading-title elementor-size-default\">Preguntas m\u00e1s Frecuentes<\/h6>\t\t<\/div>\n\t\t\t\t<\/div>\n\t\t\t\t<div class=\"elementor-element elementor-element-113f7d7e elementor-widget elementor-widget-heading\" data-id=\"113f7d7e\" data-element_type=\"widget\" data-widget_type=\"heading.default\">\n\t\t\t\t<div class=\"elementor-widget-container\">\n\t\t\t<h2 class=\"elementor-heading-title elementor-size-default\">Resolvemos tus dudas<\/h2>\t\t<\/div>\n\t\t\t\t<\/div>\n\t\t\t\t\t<\/div>\n\t\t\t\t<\/div>\n\t\t<div class=\"elementor-element elementor-element-5da02282 e-con-full e-flex e-con e-child\" data-id=\"5da02282\" data-element_type=\"container\" data-settings=\"{&quot;content_width&quot;:&quot;full&quot;}\">\n\t\t<div class=\"elementor-element elementor-element-544f969b e-flex e-con-boxed e-con e-child\" data-id=\"544f969b\" data-element_type=\"container\" data-settings=\"{&quot;content_width&quot;:&quot;boxed&quot;}\">\n\t\t\t\t\t<div class=\"e-con-inner\">\n\t\t\t\t<div class=\"elementor-element elementor-element-523977aa elementor-widget elementor-widget-elementskit-accordion\" data-id=\"523977aa\" data-element_type=\"widget\" data-widget_type=\"elementskit-accordion.default\">\n\t\t\t\t<div class=\"elementor-widget-container\">\n\t\t\t<div class=\"ekit-wid-con\" >\n        <div class=\"elementskit-accordion accoedion-primary\" id=\"accordion-6a046c2d00f7e\">\n\n            \n                <div class=\"elementskit-card active\">\n                    <div class=\"elementskit-card-header\" id=\"primaryHeading-0-523977aa\">\n                        <a href=\"#collapse-f947ece6a046c2d00f7e\" class=\"ekit-accordion--toggler elementskit-btn-link collapsed\" data-ekit-toggle=\"collapse\" data-target=\"#Collapse-f947ece6a046c2d00f7e\" aria-expanded=\"true\" aria-controls=\"Collapse-f947ece6a046c2d00f7e\">\n                            \n                            <span class=\"ekit-accordion-title\">\u00bfC\u00f3mo puedo registrarme para ofrecer mis servicios?<\/span>\n\n                            \n                                <div class=\"ekit_accordion_icon_group\">\n                                    <div class=\"ekit_accordion_normal_icon\">\n                                        <!-- Normal Icon -->\n                                        <i aria-hidden=\"true\" class=\"icon-open icon-right icon icon-down-arrow1\"><\/i>                                    <\/div>\n\n                                    <div class=\"ekit_accordion_active_icon\">\n                                        <!-- Active Icon -->\n                                        <i aria-hidden=\"true\" class=\"icon-closed icon-right icon icon-up-arrow\"><\/i>                                    <\/div>\n\n                                <\/div>\n\n                            \n                                                    <\/a>\n                    <\/div>\n\n                    <div id=\"Collapse-f947ece6a046c2d00f7e\" class=\" show collapse\" aria-labelledby=\"primaryHeading-0-523977aa\" data-parent=\"#accordion-6a046c2d00f7e\">\n\n                        <div class=\"elementskit-card-body ekit-accordion--content\">\n                            <p>Para postularte solo tienes que ir al servicio que se adec\u00fae a tu perfil y enviar un formulario con tu CV adjunto.<\/p>                        <\/div>\n\n                    <\/div>\n\n                <\/div><!-- .elementskit-card END -->\n\n                \n                <div class=\"elementskit-card \">\n                    <div class=\"elementskit-card-header\" id=\"primaryHeading-1-523977aa\">\n                        <a href=\"#collapse-1b6af516a046c2d00f7e\" class=\"ekit-accordion--toggler elementskit-btn-link collapsed\" data-ekit-toggle=\"collapse\" data-target=\"#Collapse-1b6af516a046c2d00f7e\" aria-expanded=\"false\" aria-controls=\"Collapse-1b6af516a046c2d00f7e\">\n                            \n                            <span class=\"ekit-accordion-title\">\u00bfC\u00f3mo puedo encontrar el profesional adecuado para mi necesidad?<\/span>\n\n                            \n                                <div class=\"ekit_accordion_icon_group\">\n                                    <div class=\"ekit_accordion_normal_icon\">\n                                        <!-- Normal Icon -->\n                                        <i aria-hidden=\"true\" class=\"icon-open icon-right icon icon-down-arrow1\"><\/i>                                    <\/div>\n\n                                    <div class=\"ekit_accordion_active_icon\">\n                                        <!-- Active Icon -->\n                                        <i aria-hidden=\"true\" class=\"icon-closed icon-right icon icon-up-arrow\"><\/i>                                    <\/div>\n\n                                <\/div>\n\n                            \n                                                    <\/a>\n                    <\/div>\n\n                    <div id=\"Collapse-1b6af516a046c2d00f7e\" class=\" collapse\" aria-labelledby=\"primaryHeading-1-523977aa\" data-parent=\"#accordion-6a046c2d00f7e\">\n\n                        <div class=\"elementskit-card-body ekit-accordion--content\">\n                            <p>Puedes buscar profesionales navegando por el men\u00fa de servicios. Filtra por especialidad para encontrar a alguien que se ajuste a tus necesidades.\u00a0<\/p>                        <\/div>\n\n                    <\/div>\n\n                <\/div><!-- .elementskit-card END -->\n\n                        <\/div>\n    <\/div>\t\t<\/div>\n\t\t\t\t<\/div>\n\t\t\t\t\t<\/div>\n\t\t\t\t<\/div>\n\t\t<div class=\"elementor-element elementor-element-34090aaf e-flex e-con-boxed e-con e-child\" data-id=\"34090aaf\" data-element_type=\"container\" data-settings=\"{&quot;content_width&quot;:&quot;boxed&quot;}\">\n\t\t\t\t\t<div class=\"e-con-inner\">\n\t\t\t\t<div class=\"elementor-element elementor-element-33ecaf6b elementor-widget elementor-widget-elementskit-accordion\" data-id=\"33ecaf6b\" data-element_type=\"widget\" data-widget_type=\"elementskit-accordion.default\">\n\t\t\t\t<div class=\"elementor-widget-container\">\n\t\t\t<div class=\"ekit-wid-con\" >\n        <div class=\"elementskit-accordion accoedion-primary\" id=\"accordion-6a046c2d02b9f\">\n\n            \n                <div class=\"elementskit-card active\">\n                    <div class=\"elementskit-card-header\" id=\"primaryHeading-0-33ecaf6b\">\n                        <a href=\"#collapse-f947ece6a046c2d02b9f\" class=\"ekit-accordion--toggler elementskit-btn-link collapsed\" data-ekit-toggle=\"collapse\" data-target=\"#Collapse-f947ece6a046c2d02b9f\" aria-expanded=\"true\" aria-controls=\"Collapse-f947ece6a046c2d02b9f\">\n                            \n                            <span class=\"ekit-accordion-title\">\u00bfNecesito tener alguna certificaci\u00f3n para postularme?<\/span>\n\n                            \n                                <div class=\"ekit_accordion_icon_group\">\n                                    <div class=\"ekit_accordion_normal_icon\">\n                                        <!-- Normal Icon -->\n                                        <i aria-hidden=\"true\" class=\"icon-open icon-right icon icon-down-arrow1\"><\/i>                                    <\/div>\n\n                                    <div class=\"ekit_accordion_active_icon\">\n                                        <!-- Active Icon -->\n                                        <i aria-hidden=\"true\" class=\"icon-closed icon-right icon icon-up-arrow\"><\/i>                                    <\/div>\n\n                                <\/div>\n\n                            \n                                                    <\/a>\n                    <\/div>\n\n                    <div id=\"Collapse-f947ece6a046c2d02b9f\" class=\" show collapse\" aria-labelledby=\"primaryHeading-0-33ecaf6b\" data-parent=\"#accordion-6a046c2d02b9f\">\n\n                        <div class=\"elementskit-card-body ekit-accordion--content\">\n                            <p>No, simplemente deber\u00e1s rellenar los campos solicitados y mandar tu CV. Nosotros nos pondremos en contacto contigo.<\/p>                        <\/div>\n\n                    <\/div>\n\n                <\/div><!-- .elementskit-card END -->\n\n                \n                <div class=\"elementskit-card \">\n                    <div class=\"elementskit-card-header\" id=\"primaryHeading-1-33ecaf6b\">\n                        <a href=\"#collapse-1b6af516a046c2d02b9f\" class=\"ekit-accordion--toggler elementskit-btn-link collapsed\" data-ekit-toggle=\"collapse\" data-target=\"#Collapse-1b6af516a046c2d02b9f\" aria-expanded=\"false\" aria-controls=\"Collapse-1b6af516a046c2d02b9f\">\n                            \n                            <span class=\"ekit-accordion-title\">\u00bfQu\u00e9 garant\u00edas ofrece la plataforma en caso de un servicio no satisfactorio?<\/span>\n\n                            \n                                <div class=\"ekit_accordion_icon_group\">\n                                    <div class=\"ekit_accordion_normal_icon\">\n                                        <!-- Normal Icon -->\n                                        <i aria-hidden=\"true\" class=\"icon-open icon-right icon icon-down-arrow1\"><\/i>                                    <\/div>\n\n                                    <div class=\"ekit_accordion_active_icon\">\n                                        <!-- Active Icon -->\n                                        <i aria-hidden=\"true\" class=\"icon-closed icon-right icon icon-up-arrow\"><\/i>                                    <\/div>\n\n                                <\/div>\n\n                            \n                                                    <\/a>\n                    <\/div>\n\n                    <div id=\"Collapse-1b6af516a046c2d02b9f\" class=\" collapse\" aria-labelledby=\"primaryHeading-1-33ecaf6b\" data-parent=\"#accordion-6a046c2d02b9f\">\n\n                        <div class=\"elementskit-card-body ekit-accordion--content\">\n                            <p>Nos comprometemos con la calidad de los servicios ofrecidos en nuestra plataforma. En caso de que el servicio no cumpla con tus expectativas, ofrecemos una garant\u00eda de satisfacci\u00f3n que puede incluir la devoluci\u00f3n del dinero o la reasignaci\u00f3n de otro profesional sin costos adicionales. Te recomendamos leer nuestra pol\u00edtica de garant\u00eda en la secci\u00f3n de Ayuda para m\u00e1s detalles.<\/p>                        <\/div>\n\n                    <\/div>\n\n                <\/div><!-- .elementskit-card END -->\n\n                        <\/div>\n    <\/div>\t\t<\/div>\n\t\t\t\t<\/div>\n\t\t\t\t\t<\/div>\n\t\t\t\t<\/div>\n\t\t\t\t<\/div>\n\t\t\t\t\t<\/div>\n\t\t\t\t<\/div>\n\t\t\t\t<\/div>\n\t\t","protected":false},"excerpt":{"rendered":"<p>Preguntas Frecuentes Home &gt; FAQs Preguntas m\u00e1s Frecuentes Resolvemos tus dudas \u00bfC\u00f3mo puedo registrarme para ofrecer mis servicios? Para postularte solo tienes que ir al servicio que se adec\u00fae a tu perfil y enviar un formulario con tu CV adjunto. \u00bfC\u00f3mo puedo encontrar el profesional adecuado para mi necesidad? Puedes buscar profesionales navegando por el [&hellip;]<\/p>\n","protected":false},"author":1,"featured_media":0,"parent":0,"menu_order":0,"comment_status":"closed","ping_status":"closed","template":"elementor_header_footer","meta":{"_joinchat":[],"footnotes":""},"yoast_head":"<!-- This site is optimized with the Yoast SEO plugin v22.6 - https:\/\/yoast.com\/wordpress\/plugins\/seo\/ -->\n<title>Preguntas Frecuentes - Sakilak<\/title>\n<meta name=\"description\" content=\"\u00bfDudas acerca de nuestros servicios? Resolveremos tus dudas en nuestro apartado de preguntas frecuentes\" \/>\n<meta name=\"robots\" content=\"index, follow, max-snippet:-1, max-image-preview:large, max-video-preview:-1\" \/>\n<link rel=\"canonical\" href=\"https:\/\/sakilak.com\/es\/faq\/\" \/>\n<meta property=\"og:locale\" content=\"es_ES\" \/>\n<meta property=\"og:type\" content=\"article\" \/>\n<meta property=\"og:title\" content=\"Preguntas Frecuentes - Sakilak\" \/>\n<meta property=\"og:description\" content=\"\u00bfDudas acerca de nuestros servicios? Resolveremos tus dudas en nuestro apartado de preguntas frecuentes\" \/>\n<meta property=\"og:url\" content=\"https:\/\/sakilak.com\/es\/faq\/\" \/>\n<meta property=\"og:site_name\" content=\"sakilak\" \/>\n<meta property=\"article:modified_time\" content=\"2024-05-09T12:56:35+00:00\" \/>\n<meta name=\"twitter:card\" content=\"summary_large_image\" \/>\n<meta name=\"twitter:label1\" content=\"Tiempo de lectura\" \/>\n\t<meta name=\"twitter:data1\" content=\"1 minuto\" \/>\n<script type=\"application\/ld+json\" class=\"yoast-schema-graph\">{\"@context\":\"https:\/\/schema.org\",\"@graph\":[{\"@type\":\"WebPage\",\"@id\":\"https:\/\/sakilak.com\/faq\/\",\"url\":\"https:\/\/sakilak.com\/faq\/\",\"name\":\"Preguntas Frecuentes - Sakilak\",\"isPartOf\":{\"@id\":\"https:\/\/sakilak.com\/fr\/#website\"},\"datePublished\":\"2024-04-18T02:03:59+00:00\",\"dateModified\":\"2024-05-09T12:56:35+00:00\",\"description\":\"\u00bfDudas acerca de nuestros servicios? Resolveremos tus dudas en nuestro apartado de preguntas frecuentes\",\"breadcrumb\":{\"@id\":\"https:\/\/sakilak.com\/faq\/#breadcrumb\"},\"inLanguage\":\"es\",\"potentialAction\":[{\"@type\":\"ReadAction\",\"target\":[\"https:\/\/sakilak.com\/faq\/\"]}]},{\"@type\":\"BreadcrumbList\",\"@id\":\"https:\/\/sakilak.com\/faq\/#breadcrumb\",\"itemListElement\":[{\"@type\":\"ListItem\",\"position\":1,\"name\":\"Portada\",\"item\":\"https:\/\/sakilak.com\/\"},{\"@type\":\"ListItem\",\"position\":2,\"name\":\"FAQ\"}]},{\"@type\":\"WebSite\",\"@id\":\"https:\/\/sakilak.com\/fr\/#website\",\"url\":\"https:\/\/sakilak.com\/fr\/\",\"name\":\"sakilak\",\"description\":\"\",\"publisher\":{\"@id\":\"https:\/\/sakilak.com\/fr\/#organization\"},\"potentialAction\":[{\"@type\":\"SearchAction\",\"target\":{\"@type\":\"EntryPoint\",\"urlTemplate\":\"https:\/\/sakilak.com\/fr\/?s={search_term_string}\"},\"query-input\":\"required name=search_term_string\"}],\"inLanguage\":\"es\"},{\"@type\":\"Organization\",\"@id\":\"https:\/\/sakilak.com\/fr\/#organization\",\"name\":\"sakilak\",\"url\":\"https:\/\/sakilak.com\/fr\/\",\"logo\":{\"@type\":\"ImageObject\",\"inLanguage\":\"es\",\"@id\":\"https:\/\/sakilak.com\/fr\/#\/schema\/logo\/image\/\",\"url\":\"https:\/\/sakilak.com\/wp-content\/uploads\/2024\/03\/cropped-logo-sakillak.png\",\"contentUrl\":\"https:\/\/sakilak.com\/wp-content\/uploads\/2024\/03\/cropped-logo-sakillak.png\",\"width\":368,\"height\":151,\"caption\":\"sakilak\"},\"image\":{\"@id\":\"https:\/\/sakilak.com\/fr\/#\/schema\/logo\/image\/\"}}]}<\/script>\n<!-- \/ Yoast SEO plugin. -->","yoast_head_json":{"title":"Preguntas Frecuentes - Sakilak","description":"\u00bfDudas acerca de nuestros servicios? Resolveremos tus dudas en nuestro apartado de preguntas frecuentes","robots":{"index":"index","follow":"follow","max-snippet":"max-snippet:-1","max-image-preview":"max-image-preview:large","max-video-preview":"max-video-preview:-1"},"canonical":"https:\/\/sakilak.com\/es\/faq\/","og_locale":"es_ES","og_type":"article","og_title":"Preguntas Frecuentes - Sakilak","og_description":"\u00bfDudas acerca de nuestros servicios? Resolveremos tus dudas en nuestro apartado de preguntas frecuentes","og_url":"https:\/\/sakilak.com\/es\/faq\/","og_site_name":"sakilak","article_modified_time":"2024-05-09T12:56:35+00:00","twitter_card":"summary_large_image","twitter_misc":{"Tiempo de lectura":"1 minuto"},"schema":{"@context":"https:\/\/schema.org","@graph":[{"@type":"WebPage","@id":"https:\/\/sakilak.com\/faq\/","url":"https:\/\/sakilak.com\/faq\/","name":"Preguntas Frecuentes - Sakilak","isPartOf":{"@id":"https:\/\/sakilak.com\/fr\/#website"},"datePublished":"2024-04-18T02:03:59+00:00","dateModified":"2024-05-09T12:56:35+00:00","description":"\u00bfDudas acerca de nuestros servicios? Resolveremos tus dudas en nuestro apartado de preguntas frecuentes","breadcrumb":{"@id":"https:\/\/sakilak.com\/faq\/#breadcrumb"},"inLanguage":"es","potentialAction":[{"@type":"ReadAction","target":["https:\/\/sakilak.com\/faq\/"]}]},{"@type":"BreadcrumbList","@id":"https:\/\/sakilak.com\/faq\/#breadcrumb","itemListElement":[{"@type":"ListItem","position":1,"name":"Portada","item":"https:\/\/sakilak.com\/"},{"@type":"ListItem","position":2,"name":"FAQ"}]},{"@type":"WebSite","@id":"https:\/\/sakilak.com\/fr\/#website","url":"https:\/\/sakilak.com\/fr\/","name":"sakilak","description":"","publisher":{"@id":"https:\/\/sakilak.com\/fr\/#organization"},"potentialAction":[{"@type":"SearchAction","target":{"@type":"EntryPoint","urlTemplate":"https:\/\/sakilak.com\/fr\/?s={search_term_string}"},"query-input":"required name=search_term_string"}],"inLanguage":"es"},{"@type":"Organization","@id":"https:\/\/sakilak.com\/fr\/#organization","name":"sakilak","url":"https:\/\/sakilak.com\/fr\/","logo":{"@type":"ImageObject","inLanguage":"es","@id":"https:\/\/sakilak.com\/fr\/#\/schema\/logo\/image\/","url":"https:\/\/sakilak.com\/wp-content\/uploads\/2024\/03\/cropped-logo-sakillak.png","contentUrl":"https:\/\/sakilak.com\/wp-content\/uploads\/2024\/03\/cropped-logo-sakillak.png","width":368,"height":151,"caption":"sakilak"},"image":{"@id":"https:\/\/sakilak.com\/fr\/#\/schema\/logo\/image\/"}}]}},"_links":{"self":[{"href":"https:\/\/sakilak.com\/es\/wp-json\/wp\/v2\/pages\/1672"}],"collection":[{"href":"https:\/\/sakilak.com\/es\/wp-json\/wp\/v2\/pages"}],"about":[{"href":"https:\/\/sakilak.com\/es\/wp-json\/wp\/v2\/types\/page"}],"author":[{"embeddable":true,"href":"https:\/\/sakilak.com\/es\/wp-json\/wp\/v2\/users\/1"}],"replies":[{"embeddable":true,"href":"https:\/\/sakilak.com\/es\/wp-json\/wp\/v2\/comments?post=1672"}],"version-history":[{"count":13,"href":"https:\/\/sakilak.com\/es\/wp-json\/wp\/v2\/pages\/1672\/revisions"}],"predecessor-version":[{"id":1881,"href":"https:\/\/sakilak.com\/es\/wp-json\/wp\/v2\/pages\/1672\/revisions\/1881"}],"wp:attachment":[{"href":"https:\/\/sakilak.com\/es\/wp-json\/wp\/v2\/media?parent=1672"}],"curies":[{"name":"wp","href":"https:\/\/api.w.org\/{rel}","templated":true}]}}