{"id":3,"date":"2024-02-18T13:54:30","date_gmt":"2024-02-18T13:54:30","guid":{"rendered":"https:\/\/sakilak.com\/?page_id=3"},"modified":"2024-03-05T02:20:53","modified_gmt":"2024-03-05T02:20:53","slug":"politica-de-privacidad","status":"publish","type":"page","link":"https:\/\/sakilak.com\/en\/politica-de-privacidad\/","title":{"rendered":"Privacy policy"},"content":{"rendered":"<p>Qui\u00e9nes somos<\/p>\n\n\n\n<p>La direcci\u00f3n de nuestro sitio web es: https:\/\/sakilak.com.<\/p>\n\n\n\n<p>Comentarios<\/p>\n\n\n\n<p>Cuando los visitantes dejan comentarios en el sitio recogemos los datos que aparecen en el formulario de comentarios, y tambi\u00e9n la direcci\u00f3n IP del visitante y la cadena de agente de usuario del navegador para ayudar a la detecci\u00f3n de spam.<\/p>\n\n\n\n<p>Es posible que se proporcione al servicio Gravatar una cadena anonimizada creada a partir de su direcci\u00f3n de correo electr\u00f3nico (tambi\u00e9n llamada hash) para saber si la est\u00e1 utilizando. La pol\u00edtica de privacidad del servicio Gravatar est\u00e1 disponible aqu\u00ed: https:\/\/automattic.com\/privacy\/. Tras la aprobaci\u00f3n de tu comentario, tu foto de perfil ser\u00e1 visible para el p\u00fablico en el contexto de tu comentario.<\/p>\n\n\n\n<p>Medios de comunicaci\u00f3n<\/p>\n\n\n\n<p>Si subes im\u00e1genes al sitio web, debes evitar subir im\u00e1genes con datos de localizaci\u00f3n incrustados (EXIF GPS) incluidos. Los visitantes del sitio web pueden descargar y extraer cualquier dato de localizaci\u00f3n de las im\u00e1genes del sitio web.<\/p>\n\n\n\n<p>Cookies<\/p>\n\n\n\n<p>Si deja un comentario en nuestro sitio web, puede optar por guardar su nombre, direcci\u00f3n de correo electr\u00f3nico y sitio web en cookies. Esto es para su comodidad, para que no tenga que rellenar sus datos de nuevo cuando deje otro comentario. Estas cookies durar\u00e1n un a\u00f1o.<\/p>\n\n\n\n<p>Si visita nuestra p\u00e1gina de inicio de sesi\u00f3n, instalaremos una cookie temporal para determinar si su navegador acepta cookies. Esta cookie no contiene datos personales y se descarta cuando cierra el navegador.<\/p>\n\n\n\n<p>Cuando inicie sesi\u00f3n, tambi\u00e9n instalaremos varias cookies para guardar su informaci\u00f3n de inicio de sesi\u00f3n y sus opciones de visualizaci\u00f3n en pantalla. Las cookies de inicio de sesi\u00f3n duran dos d\u00edas, y las de pantalla<\/p>","protected":false},"excerpt":{"rendered":"<p>Qui\u00e9nes somos La direcci\u00f3n de nuestro sitio web es: https:\/\/sakilak.com. Comentarios Cuando los visitantes dejan comentarios en el sitio recogemos los datos que aparecen en el formulario de comentarios, y tambi\u00e9n la direcci\u00f3n IP del visitante y la cadena de agente de usuario del navegador para ayudar a la detecci\u00f3n de spam. Es posible que [&hellip;]<\/p>","protected":false},"author":1,"featured_media":0,"parent":0,"menu_order":0,"comment_status":"closed","ping_status":"closed","template":"","meta":{"_joinchat":[],"footnotes":""},"yoast_head":"<!-- This site is optimized with the Yoast SEO plugin v22.6 - https:\/\/yoast.com\/wordpress\/plugins\/seo\/ -->\n<title>Pol\u00edtica de privacidad - sakilak<\/title>\n<meta name=\"robots\" content=\"index, follow, max-snippet:-1, max-image-preview:large, max-video-preview:-1\" \/>\n<link rel=\"canonical\" href=\"https:\/\/sakilak.com\/en\/politica-de-privacidad\/\" \/>\n<meta property=\"og:locale\" content=\"en_GB\" \/>\n<meta property=\"og:type\" content=\"article\" \/>\n<meta property=\"og:title\" content=\"Pol\u00edtica de privacidad - sakilak\" \/>\n<meta property=\"og:description\" content=\"Qui\u00e9nes somos La direcci\u00f3n de nuestro sitio web es: https:\/\/sakilak.com. Comentarios Cuando los visitantes dejan comentarios en el sitio recogemos los datos que aparecen en el formulario de comentarios, y tambi\u00e9n la direcci\u00f3n IP del visitante y la cadena de agente de usuario del navegador para ayudar a la detecci\u00f3n de spam. Es posible que [&hellip;]\" \/>\n<meta property=\"og:url\" content=\"https:\/\/sakilak.com\/en\/politica-de-privacidad\/\" \/>\n<meta property=\"og:site_name\" content=\"sakilak\" \/>\n<meta property=\"article:modified_time\" content=\"2024-03-05T02:20:53+00:00\" \/>\n<meta name=\"twitter:card\" content=\"summary_large_image\" \/>\n<meta name=\"twitter:label1\" content=\"Estimated reading time\" \/>\n\t<meta name=\"twitter:data1\" content=\"2 minutes\" \/>\n<script type=\"application\/ld+json\" class=\"yoast-schema-graph\">{\"@context\":\"https:\/\/schema.org\",\"@graph\":[{\"@type\":\"WebPage\",\"@id\":\"https:\/\/sakilak.com\/politica-de-privacidad\/\",\"url\":\"https:\/\/sakilak.com\/politica-de-privacidad\/\",\"name\":\"Pol\u00edtica de privacidad - sakilak\",\"isPartOf\":{\"@id\":\"https:\/\/sakilak.com\/fr\/#website\"},\"datePublished\":\"2024-02-18T13:54:30+00:00\",\"dateModified\":\"2024-03-05T02:20:53+00:00\",\"breadcrumb\":{\"@id\":\"https:\/\/sakilak.com\/politica-de-privacidad\/#breadcrumb\"},\"inLanguage\":\"en-GB\",\"potentialAction\":[{\"@type\":\"ReadAction\",\"target\":[\"https:\/\/sakilak.com\/politica-de-privacidad\/\"]}]},{\"@type\":\"BreadcrumbList\",\"@id\":\"https:\/\/sakilak.com\/politica-de-privacidad\/#breadcrumb\",\"itemListElement\":[{\"@type\":\"ListItem\",\"position\":1,\"name\":\"Portada\",\"item\":\"https:\/\/sakilak.com\/\"},{\"@type\":\"ListItem\",\"position\":2,\"name\":\"Pol\u00edtica de privacidad\"}]},{\"@type\":\"WebSite\",\"@id\":\"https:\/\/sakilak.com\/fr\/#website\",\"url\":\"https:\/\/sakilak.com\/fr\/\",\"name\":\"sakilak\",\"description\":\"\",\"publisher\":{\"@id\":\"https:\/\/sakilak.com\/fr\/#organization\"},\"potentialAction\":[{\"@type\":\"SearchAction\",\"target\":{\"@type\":\"EntryPoint\",\"urlTemplate\":\"https:\/\/sakilak.com\/fr\/?s={search_term_string}\"},\"query-input\":\"required name=search_term_string\"}],\"inLanguage\":\"en-GB\"},{\"@type\":\"Organization\",\"@id\":\"https:\/\/sakilak.com\/fr\/#organization\",\"name\":\"sakilak\",\"url\":\"https:\/\/sakilak.com\/fr\/\",\"logo\":{\"@type\":\"ImageObject\",\"inLanguage\":\"en-GB\",\"@id\":\"https:\/\/sakilak.com\/fr\/#\/schema\/logo\/image\/\",\"url\":\"https:\/\/sakilak.com\/wp-content\/uploads\/2024\/03\/cropped-logo-sakillak.png\",\"contentUrl\":\"https:\/\/sakilak.com\/wp-content\/uploads\/2024\/03\/cropped-logo-sakillak.png\",\"width\":368,\"height\":151,\"caption\":\"sakilak\"},\"image\":{\"@id\":\"https:\/\/sakilak.com\/fr\/#\/schema\/logo\/image\/\"}}]}<\/script>\n<!-- \/ Yoast SEO plugin. -->","yoast_head_json":{"title":"Pol\u00edtica de privacidad - sakilak","robots":{"index":"index","follow":"follow","max-snippet":"max-snippet:-1","max-image-preview":"max-image-preview:large","max-video-preview":"max-video-preview:-1"},"canonical":"https:\/\/sakilak.com\/en\/politica-de-privacidad\/","og_locale":"en_GB","og_type":"article","og_title":"Pol\u00edtica de privacidad - sakilak","og_description":"Qui\u00e9nes somos La direcci\u00f3n de nuestro sitio web es: https:\/\/sakilak.com. Comentarios Cuando los visitantes dejan comentarios en el sitio recogemos los datos que aparecen en el formulario de comentarios, y tambi\u00e9n la direcci\u00f3n IP del visitante y la cadena de agente de usuario del navegador para ayudar a la detecci\u00f3n de spam. Es posible que [&hellip;]","og_url":"https:\/\/sakilak.com\/en\/politica-de-privacidad\/","og_site_name":"sakilak","article_modified_time":"2024-03-05T02:20:53+00:00","twitter_card":"summary_large_image","twitter_misc":{"Estimated reading time":"2 minutes"},"schema":{"@context":"https:\/\/schema.org","@graph":[{"@type":"WebPage","@id":"https:\/\/sakilak.com\/politica-de-privacidad\/","url":"https:\/\/sakilak.com\/politica-de-privacidad\/","name":"Pol\u00edtica de privacidad - sakilak","isPartOf":{"@id":"https:\/\/sakilak.com\/fr\/#website"},"datePublished":"2024-02-18T13:54:30+00:00","dateModified":"2024-03-05T02:20:53+00:00","breadcrumb":{"@id":"https:\/\/sakilak.com\/politica-de-privacidad\/#breadcrumb"},"inLanguage":"en-GB","potentialAction":[{"@type":"ReadAction","target":["https:\/\/sakilak.com\/politica-de-privacidad\/"]}]},{"@type":"BreadcrumbList","@id":"https:\/\/sakilak.com\/politica-de-privacidad\/#breadcrumb","itemListElement":[{"@type":"ListItem","position":1,"name":"Portada","item":"https:\/\/sakilak.com\/"},{"@type":"ListItem","position":2,"name":"Pol\u00edtica de privacidad"}]},{"@type":"WebSite","@id":"https:\/\/sakilak.com\/fr\/#website","url":"https:\/\/sakilak.com\/fr\/","name":"sakilak","description":"","publisher":{"@id":"https:\/\/sakilak.com\/fr\/#organization"},"potentialAction":[{"@type":"SearchAction","target":{"@type":"EntryPoint","urlTemplate":"https:\/\/sakilak.com\/fr\/?s={search_term_string}"},"query-input":"required name=search_term_string"}],"inLanguage":"en-GB"},{"@type":"Organization","@id":"https:\/\/sakilak.com\/fr\/#organization","name":"sakilak","url":"https:\/\/sakilak.com\/fr\/","logo":{"@type":"ImageObject","inLanguage":"en-GB","@id":"https:\/\/sakilak.com\/fr\/#\/schema\/logo\/image\/","url":"https:\/\/sakilak.com\/wp-content\/uploads\/2024\/03\/cropped-logo-sakillak.png","contentUrl":"https:\/\/sakilak.com\/wp-content\/uploads\/2024\/03\/cropped-logo-sakillak.png","width":368,"height":151,"caption":"sakilak"},"image":{"@id":"https:\/\/sakilak.com\/fr\/#\/schema\/logo\/image\/"}}]}},"_links":{"self":[{"href":"https:\/\/sakilak.com\/en\/wp-json\/wp\/v2\/pages\/3"}],"collection":[{"href":"https:\/\/sakilak.com\/en\/wp-json\/wp\/v2\/pages"}],"about":[{"href":"https:\/\/sakilak.com\/en\/wp-json\/wp\/v2\/types\/page"}],"author":[{"embeddable":true,"href":"https:\/\/sakilak.com\/en\/wp-json\/wp\/v2\/users\/1"}],"replies":[{"embeddable":true,"href":"https:\/\/sakilak.com\/en\/wp-json\/wp\/v2\/comments?post=3"}],"version-history":[{"count":2,"href":"https:\/\/sakilak.com\/en\/wp-json\/wp\/v2\/pages\/3\/revisions"}],"predecessor-version":[{"id":765,"href":"https:\/\/sakilak.com\/en\/wp-json\/wp\/v2\/pages\/3\/revisions\/765"}],"wp:attachment":[{"href":"https:\/\/sakilak.com\/en\/wp-json\/wp\/v2\/media?parent=3"}],"curies":[{"name":"wp","href":"https:\/\/api.w.org\/{rel}","templated":true}]}}